{"id":284,"date":"2016-07-15T11:32:39","date_gmt":"2016-07-15T10:32:39","guid":{"rendered":"http:\/\/www.reno-cardan.ch\/?page_id=284&#038;lang=de"},"modified":"2026-02-03T17:06:03","modified_gmt":"2026-02-03T16:06:03","slug":"societe","status":"publish","type":"page","link":"http:\/\/www.equilibrage-industriel.ch\/de\/societe\/","title":{"rendered":"Unternehmen"},"content":{"rendered":"<div id='full_slider_1'  class='avia-fullwidth-slider main_color avia-shadow   avia-builder-el-0  el_before_av_three_fifth  avia-builder-el-first   container_wrap fullsize'  ><div  class='avia-slideshow av-av_slideshow_full-7c89eef234b705e7a4d2de62d66c7ebb avia-slideshow-no scaling av_slideshow_full avia-slide-slider av-slideshow-ui av-control-default av-slideshow-manual av-loop-once av-loop-manual-endless av-default-height-applied   avia-slideshow-1' data-slideshow-options=\"{&quot;animation&quot;:&quot;slide&quot;,&quot;autoplay&quot;:false,&quot;loop_autoplay&quot;:&quot;once&quot;,&quot;interval&quot;:5,&quot;loop_manual&quot;:&quot;manual-endless&quot;,&quot;autoplay_stopper&quot;:false,&quot;noNavigation&quot;:false,&quot;bg_slider&quot;:false,&quot;keep_padding&quot;:false,&quot;hoverpause&quot;:false,&quot;show_slide_delay&quot;:0}\"  itemprop=\"image\" itemscope=\"itemscope\" itemtype=\"https:\/\/schema.org\/ImageObject\" ><ul class='avia-slideshow-inner ' style='padding-bottom: 15.789473684211%;'><li  class='avia-slideshow-slide av-av_slideshow_full-7c89eef234b705e7a4d2de62d66c7ebb__0  av-single-slide slide-1 slide-odd'><div data-rel='slideshow-1' class='avia-slide-wrap '   ><div class='av-slideshow-caption av-av_slideshow_full-7c89eef234b705e7a4d2de62d66c7ebb__0 caption_fullwidth caption_left caption_left_framed caption_framed'><div class=\"container caption_container\"><div class=\"slideshow_caption\"><div class=\"slideshow_inner_caption\"><div class=\"slideshow_align_caption\"><h2 class='avia-caption-title '  itemprop=\"name\" >Une soci\u00e9t\u00e9 vaudoise<\/h2><div class='avia-caption-content '  itemprop=\"description\" ><p>Avec pr\u00e9cision suisse<\/p>\n<\/div><\/div><\/div><\/div><\/div><\/div><img decoding=\"async\" fetchpriority=\"high\" class=\"wp-image-2436 avia-img-lazy-loading-not-2436\"  src=\"http:\/\/www.equilibrage-industriel.ch\/wp\/wp-content\/uploads\/2016\/02\/reno_cardan_bk3.jpg\" width=\"1900\" height=\"300\" title='reno_cardan_bk3' alt=''  itemprop=\"thumbnailUrl\" srcset=\"http:\/\/www.equilibrage-industriel.ch\/wp\/wp-content\/uploads\/2016\/02\/reno_cardan_bk3.jpg 1900w, http:\/\/www.equilibrage-industriel.ch\/wp\/wp-content\/uploads\/2016\/02\/reno_cardan_bk3-300x47.jpg 300w, http:\/\/www.equilibrage-industriel.ch\/wp\/wp-content\/uploads\/2016\/02\/reno_cardan_bk3-768x121.jpg 768w, http:\/\/www.equilibrage-industriel.ch\/wp\/wp-content\/uploads\/2016\/02\/reno_cardan_bk3-1030x163.jpg 1030w, http:\/\/www.equilibrage-industriel.ch\/wp\/wp-content\/uploads\/2016\/02\/reno_cardan_bk3-1500x237.jpg 1500w, http:\/\/www.equilibrage-industriel.ch\/wp\/wp-content\/uploads\/2016\/02\/reno_cardan_bk3-705x111.jpg 705w, http:\/\/www.equilibrage-industriel.ch\/wp\/wp-content\/uploads\/2016\/02\/reno_cardan_bk3-450x71.jpg 450w\" sizes=\"(max-width: 1900px) 100vw, 1900px\" \/><\/div><\/li><\/ul><\/div><\/div><div id='after_full_slider_1'  class='main_color av_default_container_wrap container_wrap fullsize'  ><div class='container av-section-cont-open' ><div class='template-page content  av-content-full alpha units'><div class='post-entry post-entry-type-page post-entry-284'><div class='entry-content-wrapper clearfix'>\n\n<style type=\"text\/css\" data-created_by=\"avia_inline_auto\" id=\"style-css-av-av_three_fifth-9497bbf8bff73ea4c6992cc17fa9ec36\">\n.flex_column.av-av_three_fifth-9497bbf8bff73ea4c6992cc17fa9ec36{\nborder-radius:0px 0px 0px 0px;\npadding:0px 0px 0px 0px;\n}\n<\/style>\n<div  class='flex_column av-av_three_fifth-9497bbf8bff73ea4c6992cc17fa9ec36 av_three_fifth  avia-builder-el-1  el_after_av_slideshow_full  el_before_av_two_fifth  avia-builder-el-first  first flex_column_div av-zero-column-padding  '     ><p>\n<style type=\"text\/css\" data-created_by=\"avia_inline_auto\" id=\"style-css-av-av_heading-ef2ba8dda42860849433057e9c67f64c\">\n#top .av-special-heading.av-av_heading-ef2ba8dda42860849433057e9c67f64c{\npadding-bottom:10px;\n}\nbody .av-special-heading.av-av_heading-ef2ba8dda42860849433057e9c67f64c .av-special-heading-tag .heading-char{\nfont-size:25px;\n}\n.av-special-heading.av-av_heading-ef2ba8dda42860849433057e9c67f64c .av-subheading{\nfont-size:15px;\n}\n<\/style>\n<div  class='av-special-heading av-av_heading-ef2ba8dda42860849433057e9c67f64c av-special-heading-h3  avia-builder-el-2  el_before_av_textblock  avia-builder-el-first '><h3 class='av-special-heading-tag '  itemprop=\"headline\"  >Reno-Cardan GmbH<\/h3><div class=\"special-heading-border\"><div class=\"special-heading-inner-border\"><\/div><\/div><\/div><br \/>\n<section  class='av_textblock_section av-av_textblock-0366cc7376be6c9e82a3e9cc8987b64f '   itemscope=\"itemscope\" itemtype=\"https:\/\/schema.org\/CreativeWork\" ><div class='avia_textblock'  itemprop=\"text\" ><p>Das Unternehmen Reno-Cardan GmbH wurde im Jahr 1991 gegr\u00fcndet, <strong>ist schon seit 30 Jahren in dieser Form t\u00e4tig<\/strong> und besch\u00e4ftigt 4 Mitarbeiter. <strong>Die Herren Patrick Rittener und\u00a0Christophe Bussien<\/strong>\u00a0stehen Ihnen zur Verf\u00fcgung, um jegliche Fragen zu beantworten und Ihre Probleme im Zusammenhang mit <strong>Getrieben, Gelenkwellen, Auswuchten und anderen mechanischen Elementen <\/strong><strong>zu l\u00f6sen.<\/strong><\/p>\n<p>Reno-Cardan GmbH verf\u00fcgt \u00fcber moderne Ausr\u00fcstungen, die es erm\u00f6glichen, <strong>horizontale Auswuchtungen f\u00fcr die meisten beweglichen Teile <\/strong>von bis zu 2\u2018000 kg durchzuf\u00fchren.<\/p>\n<p>Wir besitzen <strong>eine tragbare Auswuchtmaschine <\/strong>f\u00fcr die Diagnostik oder die<strong> Einstellung vor Ort<\/strong>, ohne die Anlagen demontieren zu m\u00fcssen. Wir protokollieren das Auswuchten und arbeiten gem\u00e4ss der geltenden ISO-Normen.<\/p>\n<p>Wir liefern auch andere <strong>Teile f\u00fcr die Industrie und das Automobil <\/strong>(leichte und schwere Fahrzeuge, Landwirtschaft, Baumaschinen&#8230;) wie zum Beispiel Antriebswellen, homokinetische Kits, Spulen, Flektoren und Lager.<\/p>\n<p style=\"text-align: justify;\">Z\u00f6gern Sie nicht, <a href=\"http:\/\/www.reno-cardan.ch\/de\/contact\/\">mit uns Kontakt aufzunehmen<\/a>\u00a0\u00a0oder uns einen Besuch abzustatten. Unser ganzes Team wird sich ein Vergn\u00fcgen machen, Sie zu empfangen<\/p>\n<\/div><\/section><\/p><\/div>\n\n<style type=\"text\/css\" data-created_by=\"avia_inline_auto\" id=\"style-css-av-av_two_fifth-9c1d454dc06f7247226bc4e8f931daae\">\n.flex_column.av-av_two_fifth-9c1d454dc06f7247226bc4e8f931daae{\nborder-radius:0px 0px 0px 0px;\npadding:0px 0px 0px 0px;\n}\n<\/style>\n<div  class='flex_column av-av_two_fifth-9c1d454dc06f7247226bc4e8f931daae av_two_fifth  avia-builder-el-4  el_after_av_three_fifth  avia-builder-el-last  flex_column_div av-zero-column-padding  '     ><p>\n<style type=\"text\/css\" data-created_by=\"avia_inline_auto\" id=\"style-css-av-av_hr-0688d0b0b6ed2f8b057db7a8270206df\">\n#top .hr.hr-invisible.av-av_hr-0688d0b0b6ed2f8b057db7a8270206df{\nheight:50px;\n}\n<\/style>\n<div  class='hr av-av_hr-0688d0b0b6ed2f8b057db7a8270206df hr-invisible  avia-builder-el-5  el_before_av_image  avia-builder-el-first '><span class='hr-inner '><span class=\"hr-inner-style\"><\/span><\/span><\/div><br \/>\n\n<style type=\"text\/css\" data-created_by=\"avia_inline_auto\" id=\"style-css-av-av_image-07c86c949d1edb5ab533f3ad904b8fa0\">\n.avia-image-container.av-av_image-07c86c949d1edb5ab533f3ad904b8fa0 img.avia_image{\nbox-shadow:none;\n}\n.avia-image-container.av-av_image-07c86c949d1edb5ab533f3ad904b8fa0 .av-image-caption-overlay-center{\ncolor:#ffffff;\n}\n<\/style>\n<div  class='avia-image-container av-av_image-07c86c949d1edb5ab533f3ad904b8fa0 av-styling-no-styling av-img-linked avia-align-center  avia-builder-el-6  el_after_av_hr  el_before_av_hr '   itemprop=\"image\" itemscope=\"itemscope\" itemtype=\"https:\/\/schema.org\/ImageObject\" ><div class=\"avia-image-container-inner\"><div class=\"avia-image-overlay-wrap\"><a href=\"http:\/\/www.equilibrage-industriel.ch\/wp\/wp-content\/uploads\/2022\/01\/Batiment-1030x773.jpg\" class='avia_image '  aria-label='B\u00e2timent Reno-Cardan Rue du Centre 136 1025 St-Sulpice'><img decoding=\"async\" fetchpriority=\"high\" class='wp-image-1577 avia-img-lazy-loading-not-1577 avia_image ' src=\"http:\/\/www.equilibrage-industriel.ch\/wp\/wp-content\/uploads\/2022\/01\/Batiment-300x225.jpg\" alt='' title='B\u00e2timent Reno-Cardan Rue du Centre 136 1025 St-Sulpice'  height=\"225\" width=\"300\"  itemprop=\"thumbnailUrl\"  \/><\/a><\/div><\/div><\/div><br \/>\n<div  class='hr av-av_hr-f6e530a583f264ef4fc495740e4b9613 hr-short  avia-builder-el-7  el_after_av_image  el_before_av_button  hr-right'><span class='hr-inner '><span class=\"hr-inner-style\"><\/span><\/span><\/div><br \/>\n<div  class='avia-button-wrap av-av_button-e5f8d0d9dfc85162388b56d520ff6cd6-wrap avia-button-right  avia-builder-el-8  el_after_av_hr  avia-builder-el-last '><a href='http:\/\/www.reno-cardan.ch\/360'  class='avia-button av-av_button-e5f8d0d9dfc85162388b56d520ff6cd6 av-link-btn avia-icon_select-yes-left-icon avia-size-large avia-position-right avia-color-theme-color'  target=\"_blank\"  rel=\"noopener noreferrer\"  aria-label=\"360\u00b0 Besuch\"><span class='avia_button_icon avia_button_icon_left avia-iconfont avia-font-entypo-fontello' data-av_icon='\ue826' data-av_iconfont='entypo-fontello' ><\/span><span class='avia_iconbox_title' >360\u00b0 Besuch<\/span><\/a><\/div><\/p><\/div>\n","protected":false},"excerpt":{"rendered":"","protected":false},"author":1,"featured_media":0,"parent":0,"menu_order":0,"comment_status":"closed","ping_status":"closed","template":"","meta":{"footnotes":""},"class_list":["post-284","page","type-page","status-publish","hentry"],"yoast_head":"<!-- This site is optimized with the Yoast SEO plugin v26.9 - https:\/\/yoast.com\/product\/yoast-seo-wordpress\/ -->\n<title>Unternehmen - Reno-Cardan S\u00e0rl<\/title>\n<meta name=\"description\" content=\"Gelenkwellen Auswuchten Schweiz \u2013 Reno-Cardan, ISO-konform bis 2\u2019000 kg. Vor-Ort-Diagnose &amp; Ersatzteile. Jetzt Kontakt aufnehmen!\" \/>\n<meta name=\"robots\" content=\"index, follow, max-snippet:-1, max-image-preview:large, max-video-preview:-1\" \/>\n<link rel=\"canonical\" href=\"https:\/\/www.reno-cardan.ch\/de\/societe\/\" \/>\n<meta property=\"og:locale\" content=\"de_DE\" \/>\n<meta property=\"og:type\" content=\"article\" \/>\n<meta property=\"og:title\" content=\"Unternehmen - Reno-Cardan S\u00e0rl\" \/>\n<meta property=\"og:description\" content=\"Gelenkwellen Auswuchten Schweiz \u2013 Reno-Cardan, ISO-konform bis 2\u2019000 kg. Vor-Ort-Diagnose &amp; Ersatzteile. Jetzt Kontakt aufnehmen!\" \/>\n<meta property=\"og:url\" content=\"https:\/\/www.reno-cardan.ch\/de\/societe\/\" \/>\n<meta property=\"og:site_name\" content=\"Reno-Cardan S\u00e0rl\" \/>\n<meta property=\"article:modified_time\" content=\"2026-02-03T16:06:03+00:00\" \/>\n<meta name=\"twitter:card\" content=\"summary_large_image\" \/>\n<meta name=\"twitter:label1\" content=\"Gesch\u00e4tzte Lesezeit\" \/>\n\t<meta name=\"twitter:data1\" content=\"2 minutes\" \/>\n<script type=\"application\/ld+json\" class=\"yoast-schema-graph\">{\"@context\":\"https:\/\/schema.org\",\"@graph\":[{\"@type\":\"WebPage\",\"@id\":\"https:\/\/www.reno-cardan.ch\/de\/societe\/\",\"url\":\"https:\/\/www.reno-cardan.ch\/de\/societe\/\",\"name\":\"Unternehmen - Reno-Cardan S\u00e0rl\",\"isPartOf\":{\"@id\":\"https:\/\/equilibrage-industriel.ch\/de\/#website\"},\"datePublished\":\"2016-07-15T10:32:39+00:00\",\"dateModified\":\"2026-02-03T16:06:03+00:00\",\"description\":\"Gelenkwellen Auswuchten Schweiz \u2013 Reno-Cardan, ISO-konform bis 2\u2019000 kg. Vor-Ort-Diagnose & Ersatzteile. Jetzt Kontakt aufnehmen!\",\"breadcrumb\":{\"@id\":\"https:\/\/www.reno-cardan.ch\/de\/societe\/#breadcrumb\"},\"inLanguage\":\"de-DE\",\"potentialAction\":[{\"@type\":\"ReadAction\",\"target\":[\"https:\/\/www.reno-cardan.ch\/de\/societe\/\"]}]},{\"@type\":\"BreadcrumbList\",\"@id\":\"https:\/\/www.reno-cardan.ch\/de\/societe\/#breadcrumb\",\"itemListElement\":[{\"@type\":\"ListItem\",\"position\":1,\"name\":\"Accueil\",\"item\":\"https:\/\/equilibrage-industriel.ch\/de\/\"},{\"@type\":\"ListItem\",\"position\":2,\"name\":\"Unternehmen\"}]},{\"@type\":\"WebSite\",\"@id\":\"https:\/\/equilibrage-industriel.ch\/de\/#website\",\"url\":\"https:\/\/equilibrage-industriel.ch\/de\/\",\"name\":\"Reno-Cardan S\u00e0rl\",\"description\":\"\",\"potentialAction\":[{\"@type\":\"SearchAction\",\"target\":{\"@type\":\"EntryPoint\",\"urlTemplate\":\"https:\/\/equilibrage-industriel.ch\/de\/?s={search_term_string}\"},\"query-input\":{\"@type\":\"PropertyValueSpecification\",\"valueRequired\":true,\"valueName\":\"search_term_string\"}}],\"inLanguage\":\"de-DE\"}]}<\/script>\n<!-- \/ Yoast SEO plugin. -->","yoast_head_json":{"title":"Unternehmen - Reno-Cardan S\u00e0rl","description":"Gelenkwellen Auswuchten Schweiz \u2013 Reno-Cardan, ISO-konform bis 2\u2019000 kg. Vor-Ort-Diagnose & Ersatzteile. Jetzt Kontakt aufnehmen!","robots":{"index":"index","follow":"follow","max-snippet":"max-snippet:-1","max-image-preview":"max-image-preview:large","max-video-preview":"max-video-preview:-1"},"canonical":"https:\/\/www.reno-cardan.ch\/de\/societe\/","og_locale":"de_DE","og_type":"article","og_title":"Unternehmen - Reno-Cardan S\u00e0rl","og_description":"Gelenkwellen Auswuchten Schweiz \u2013 Reno-Cardan, ISO-konform bis 2\u2019000 kg. Vor-Ort-Diagnose & Ersatzteile. Jetzt Kontakt aufnehmen!","og_url":"https:\/\/www.reno-cardan.ch\/de\/societe\/","og_site_name":"Reno-Cardan S\u00e0rl","article_modified_time":"2026-02-03T16:06:03+00:00","twitter_card":"summary_large_image","twitter_misc":{"Gesch\u00e4tzte Lesezeit":"2 minutes"},"schema":{"@context":"https:\/\/schema.org","@graph":[{"@type":"WebPage","@id":"https:\/\/www.reno-cardan.ch\/de\/societe\/","url":"https:\/\/www.reno-cardan.ch\/de\/societe\/","name":"Unternehmen - Reno-Cardan S\u00e0rl","isPartOf":{"@id":"https:\/\/equilibrage-industriel.ch\/de\/#website"},"datePublished":"2016-07-15T10:32:39+00:00","dateModified":"2026-02-03T16:06:03+00:00","description":"Gelenkwellen Auswuchten Schweiz \u2013 Reno-Cardan, ISO-konform bis 2\u2019000 kg. Vor-Ort-Diagnose & Ersatzteile. Jetzt Kontakt aufnehmen!","breadcrumb":{"@id":"https:\/\/www.reno-cardan.ch\/de\/societe\/#breadcrumb"},"inLanguage":"de-DE","potentialAction":[{"@type":"ReadAction","target":["https:\/\/www.reno-cardan.ch\/de\/societe\/"]}]},{"@type":"BreadcrumbList","@id":"https:\/\/www.reno-cardan.ch\/de\/societe\/#breadcrumb","itemListElement":[{"@type":"ListItem","position":1,"name":"Accueil","item":"https:\/\/equilibrage-industriel.ch\/de\/"},{"@type":"ListItem","position":2,"name":"Unternehmen"}]},{"@type":"WebSite","@id":"https:\/\/equilibrage-industriel.ch\/de\/#website","url":"https:\/\/equilibrage-industriel.ch\/de\/","name":"Reno-Cardan S\u00e0rl","description":"","potentialAction":[{"@type":"SearchAction","target":{"@type":"EntryPoint","urlTemplate":"https:\/\/equilibrage-industriel.ch\/de\/?s={search_term_string}"},"query-input":{"@type":"PropertyValueSpecification","valueRequired":true,"valueName":"search_term_string"}}],"inLanguage":"de-DE"}]}},"_links":{"self":[{"href":"http:\/\/www.equilibrage-industriel.ch\/de\/wp-json\/wp\/v2\/pages\/284","targetHints":{"allow":["GET"]}}],"collection":[{"href":"http:\/\/www.equilibrage-industriel.ch\/de\/wp-json\/wp\/v2\/pages"}],"about":[{"href":"http:\/\/www.equilibrage-industriel.ch\/de\/wp-json\/wp\/v2\/types\/page"}],"author":[{"embeddable":true,"href":"http:\/\/www.equilibrage-industriel.ch\/de\/wp-json\/wp\/v2\/users\/1"}],"replies":[{"embeddable":true,"href":"http:\/\/www.equilibrage-industriel.ch\/de\/wp-json\/wp\/v2\/comments?post=284"}],"version-history":[{"count":8,"href":"http:\/\/www.equilibrage-industriel.ch\/de\/wp-json\/wp\/v2\/pages\/284\/revisions"}],"predecessor-version":[{"id":2391,"href":"http:\/\/www.equilibrage-industriel.ch\/de\/wp-json\/wp\/v2\/pages\/284\/revisions\/2391"}],"wp:attachment":[{"href":"http:\/\/www.equilibrage-industriel.ch\/de\/wp-json\/wp\/v2\/media?parent=284"}],"curies":[{"name":"wp","href":"https:\/\/api.w.org\/{rel}","templated":true}]}}